{"id":41,"date":"2025-10-21T15:10:57","date_gmt":"2025-10-21T13:10:57","guid":{"rendered":"https:\/\/lbraunegg.hak-digital.at\/?page_id=41"},"modified":"2026-01-13T14:38:25","modified_gmt":"2026-01-13T13:38:25","slug":"ueber-mich","status":"publish","type":"page","link":"https:\/\/lbraunegg.hak-digital.at\/?page_id=41","title":{"rendered":"\u00dcber uns"},"content":{"rendered":"\n<div class=\"wp-block-media-text has-media-on-the-right is-stacked-on-mobile\"><div class=\"wp-block-media-text__content\">\n<p>Hinter <strong>LB Kerzen<\/strong> stehe ich, <strong>Lukas Braunegg<\/strong>. Jede Kerze entsteht aus meiner pers\u00f6nlichen Leidenschaft f\u00fcr pr\u00e4zises Handwerk und dem Anspruch, aus einem einfachen Produkt etwas Besonderes zu machen. F\u00fcr mich z\u00e4hlt nicht Masse, sondern Qualit\u00e4t, Sorgfalt und die Liebe zum Detail.<\/p>\n\n\n\n<p><\/p>\n\n\n\n<p>Gefertigt werden alle Kerzen von mir in meiner eigenen Werkstatt. Von der optimalen Gie\u00dftemperatur bis zur exakten Abstimmung von Docht und Wachsmischung kontrolliere ich jeden Arbeitsschritt selbst. Hochwertige, schadstoffarme Rohstoffe und speziell entwickelte Wachsmischungen sorgen f\u00fcr ein gleichm\u00e4\u00dfiges Abbrennen und eine angenehme, dezente Duftentfaltung.<\/p>\n<\/div><figure class=\"wp-block-media-text__media\"><img loading=\"lazy\" decoding=\"async\" width=\"612\" height=\"408\" src=\"https:\/\/lbraunegg.hak-digital.at\/wp-content\/uploads\/2025\/12\/ChatGPT_Image_16._Dez._2025__14_34_12-removebg-preview-1.png\" alt=\"\" class=\"wp-image-117 size-full\" srcset=\"https:\/\/lbraunegg.hak-digital.at\/wp-content\/uploads\/2025\/12\/ChatGPT_Image_16._Dez._2025__14_34_12-removebg-preview-1.png 612w, https:\/\/lbraunegg.hak-digital.at\/wp-content\/uploads\/2025\/12\/ChatGPT_Image_16._Dez._2025__14_34_12-removebg-preview-1-300x200.png 300w\" sizes=\"auto, (max-width: 612px) 100vw, 612px\" \/><\/figure><\/div>\n\n\n\n<div class=\"wp-block-media-text is-stacked-on-mobile\"><figure class=\"wp-block-media-text__media\"><img loading=\"lazy\" decoding=\"async\" width=\"612\" height=\"408\" src=\"https:\/\/lbraunegg.hak-digital.at\/wp-content\/uploads\/2025\/12\/ChatGPT_Image_16._Dez._2025__14_33_47-removebg-preview.png\" alt=\"\" class=\"wp-image-118 size-full\" srcset=\"https:\/\/lbraunegg.hak-digital.at\/wp-content\/uploads\/2025\/12\/ChatGPT_Image_16._Dez._2025__14_33_47-removebg-preview.png 612w, https:\/\/lbraunegg.hak-digital.at\/wp-content\/uploads\/2025\/12\/ChatGPT_Image_16._Dez._2025__14_33_47-removebg-preview-300x200.png 300w\" sizes=\"auto, (max-width: 612px) 100vw, 612px\" \/><\/figure><div class=\"wp-block-media-text__content\">\n<p>Auch das Design folgt diesem Anspruch. Jede Kerze wird von Hand vorbereitet, bef\u00fcllt und mit individuell gestalteten Labels veredelt. Der minimalistische, moderne Stil von <strong>LB Kerzen<\/strong> steht f\u00fcr zeitlose \u00c4sthetik, handwerkliche Pr\u00e4zision und die pers\u00f6nliche Handschrift von <strong>Lukas Braunegg<\/strong>.<\/p>\n<\/div><\/div>\n\n\n\n<p>kurz Video \u00fcber LB Kerzen: <a href=\"https:\/\/youtube.com\/shorts\/FDUL60oPSTk\">https:\/\/youtube.com\/shorts\/FDUL60oPSTk<\/a><\/p>\n","protected":false},"excerpt":{"rendered":"<p>Hinter LB Kerzen stehe ich, Lukas Braunegg. Jede Kerze entsteht aus meiner pers\u00f6nlichen Leidenschaft f\u00fcr pr\u00e4zises Handwerk und dem Anspruch, aus einem einfachen Produkt etwas Besonderes zu machen. F\u00fcr mich z\u00e4hlt nicht Masse, sondern Qualit\u00e4t, Sorgfalt und die Liebe zum Detail. Gefertigt werden alle Kerzen von mir in meiner eigenen Werkstatt. Von der optimalen Gie\u00dftemperatur [&hellip;]<\/p>\n","protected":false},"author":1,"featured_media":0,"parent":0,"menu_order":0,"comment_status":"closed","ping_status":"closed","template":"","meta":{"footnotes":""},"class_list":["post-41","page","type-page","status-publish","hentry"],"blocksy_meta":[],"_links":{"self":[{"href":"https:\/\/lbraunegg.hak-digital.at\/index.php?rest_route=\/wp\/v2\/pages\/41","targetHints":{"allow":["GET"]}}],"collection":[{"href":"https:\/\/lbraunegg.hak-digital.at\/index.php?rest_route=\/wp\/v2\/pages"}],"about":[{"href":"https:\/\/lbraunegg.hak-digital.at\/index.php?rest_route=\/wp\/v2\/types\/page"}],"author":[{"embeddable":true,"href":"https:\/\/lbraunegg.hak-digital.at\/index.php?rest_route=\/wp\/v2\/users\/1"}],"replies":[{"embeddable":true,"href":"https:\/\/lbraunegg.hak-digital.at\/index.php?rest_route=%2Fwp%2Fv2%2Fcomments&post=41"}],"version-history":[{"count":5,"href":"https:\/\/lbraunegg.hak-digital.at\/index.php?rest_route=\/wp\/v2\/pages\/41\/revisions"}],"predecessor-version":[{"id":146,"href":"https:\/\/lbraunegg.hak-digital.at\/index.php?rest_route=\/wp\/v2\/pages\/41\/revisions\/146"}],"wp:attachment":[{"href":"https:\/\/lbraunegg.hak-digital.at\/index.php?rest_route=%2Fwp%2Fv2%2Fmedia&parent=41"}],"curies":[{"name":"wp","href":"https:\/\/api.w.org\/{rel}","templated":true}]}}